{"id":47,"date":"2013-01-02T18:06:35","date_gmt":"2013-01-02T17:06:35","guid":{"rendered":"http:\/\/training-center.hu\/?page_id=47"},"modified":"2016-06-28T10:23:05","modified_gmt":"2016-06-28T08:23:05","slug":"akkreditalt-kepzesek","status":"publish","type":"page","link":"http:\/\/training-center.hu\/?page_id=47","title":{"rendered":"ENGED\u00c9LYEZETT K\u00c9PZ\u00c9SEK"},"content":{"rendered":"<p>Egy\u00e9b, m\u00e1s \u00e1gazatba nem sorolhat\u00f3 k\u00e9pes\u00edt\u00e9sek- <strong>\u00dczleti kommunik\u00e1ci\u00f3<\/strong><\/p>\n<p><em>Nyilv\u00e1ntart\u00e1sba v\u00e9teli sz\u00e1ma: E-000555\/2014\/D001<\/em><\/p>\n<p>A k\u00e9pz\u00e9s elv\u00e9gz\u00e9s\u00e9vel a k\u00e9pz\u00e9sen r\u00e9sztvev\u0151 t\u00f6bbek k\u00f6z\u00f6tt k\u00e9pes lesz \u00f6nmaga jobb megismer\u00e9s\u00e9re, \u00e9rzelmi rezonanci\u00e1inak pontosabb \u00e9rz\u00e9kel\u00e9s\u00e9re, kommunik\u00e1ci\u00f3s korl\u00e1tainak felismer\u00e9s\u00e9re \u00e9s azok tudatos le\u00e9p\u00edt\u00e9s\u00e9re; kommunik\u00e1ci\u00f3 seg\u00edts\u00e9g\u00e9vel tudja \u00e9rt\u0151n kezelni besz\u00e9dpartnerei \u00e9rzelmi megnyilv\u00e1nul\u00e1sait, indulatainak levezet\u00e9s\u00e9t; tudja kontroll\u00e1lni k\u00f6rnyezete befoly\u00e1s\u00e1t viselked\u00e9s\u00e9re, att\u00f3l f\u00fcggetlen\u00edteni mag\u00e1t, a partnere \u00e9s k\u00f6zte l\u00e9trej\u00f6v\u0151 \u00e9rzelmi \u2013 hangulati fesz\u00fclts\u00e9geket k\u00f6nnyen feloldani. Elsaj\u00e1t\u00edtja az alapvet\u0151 konfliktuskezel\u00e9si technik\u00e1kat, a reklam\u00e1ci\u00f3k kezel\u00e9s\u00e9nek megfelel\u0151 eszk\u00f6zeit, valamint a konfliktushelyzetek old\u00e1s\u00e1nak m\u00f3dozatait.<\/p>\n<p>&nbsp;<\/p>\n<p><strong>Csal\u00e1dpedag\u00f3giai k\u00e9pz\u00e9s<\/strong><\/p>\n<p><em>Nyilv\u00e1ntart\u00e1sba v\u00e9teli sz\u00e1ma: E-000555\/2014\/D002<\/em><\/p>\n<p>A program c\u00e9lja, hogy a r\u00e9sztvev\u0151 ismerje meg a csal\u00e1dpedag\u00f3gia fogalomrendszer\u00e9vel, ezen bel\u00fcl a csal\u00e1d fogalm\u00e1nak defin\u00edci\u00f3val, a csal\u00e1di szocializ\u00e1ci\u00f3 nevel\u0151i hat\u00e1saival,a csal\u00e1d funkci\u00f3ival \u00e9s ezen funkci\u00f3k szerkezete szerinti feloszt\u00e1s\u00e1val. A k\u00e9pz\u00e9sen r\u00e9sztvev\u0151 pedag\u00f3gusok vagy fels\u0151fok\u00fa v\u00e9gzetts\u00e9ggel rendelkez\u0151k megismerik a csal\u00e1dot, mint rendszert megtanulj\u00e1k \u00e9rtelmezni, megtanulj\u00e1k a csal\u00e1dok szerkezeti \u00e9s szervezeti egym\u00e1sra \u00e9p\u00fcl\u00e9st. A gyakorlatok seg\u00edts\u00e9g\u00e9vel a r\u00e9sztvev\u0151k k\u00fcl\u00f6nbs\u00e9get tudnak tenni az eg\u00e9szs\u00e9ges \u00e9s s\u00e9r\u00fclt csal\u00e1dok k\u00f6z\u00f6tt.<\/p>\n<p>&nbsp;<\/p>\n<p>Gazdas\u00e1gi \u00e9s igazgat\u00e1si k\u00e9pes\u00edt\u00e9sek- <strong>Szervezetfejleszt\u00e9si tr\u00e9ning<\/strong><\/p>\n<p><em>Nyilv\u00e1ntart\u00e1sba v\u00e9teli sz\u00e1ma: E-000555\/2014\/D003<\/em><\/p>\n<p>A tr\u00e9ning elv\u00e9gz\u00e9s\u00e9vel a r\u00e9sztvev\u0151 k\u00e9pes lesz napi munk\u00e1j\u00e1t hat\u00e9konyan \u00e9s j\u00f3l megszervezni, ismeri \u00e9s tudja, hogy egy nap milyen operat\u00edv funkci\u00f3kat kell ell\u00e1tnia munk\u00e1ja sor\u00e1n. K\u00e9pes lesz ezt t\u00e1rsaival hat\u00e9konyan kommunik\u00e1lva megosztani \u00e9s k\u00e9pes lesz bizonyos feladatokat deleg\u00e1lni \u00e9s j\u00f3l egy\u00fcttm\u0171k\u00f6dni munkat\u00e1rsaival. Hat\u00e9konyan fog tudni egy \u00faj projektet kezelni, amikor rendszereket kell bevezetni szervezet \u00e9let\u00e9be, ezt j\u00f3l \u00e9s eredm\u00e9nyesen tudja lemenedzselni. A k\u00e9pz\u00e9s v\u00e9g\u00e9re a r\u00e9sztvev\u0151 a gyakorlatba \u00fcltetve tudja mindezen ismereteket k\u00e9szs\u00e9g szinten elsaj\u00e1t\u00edtani.<\/p>\n<p>&nbsp;<\/p>\n<p>Gazdas\u00e1gi \u00e9s igazgat\u00e1si k\u00e9pes\u00edt\u00e9sek- <strong>Vezet\u0151i Karrier Program<\/strong><\/p>\n<p><em>Nyilv\u00e1ntart\u00e1sba v\u00e9teli sz\u00e1ma: E-000555\/2014\/D004<\/em><\/p>\n<p>A k\u00e9pz\u00e9st els\u0151sorban azoknak aj\u00e1nljuk, akik vezet\u0151i poz\u00edci\u00f3ban dolgoznak, vagy tervezik, hogy a k\u00f6zelj\u00f6v\u0151ben vezet\u0151i \u00e1ll\u00e1sban helyezkednek el. A program v\u00e9g\u00e9re a r\u00e9sztvev\u0151 t\u00f6bbek k\u00f6z\u00f6tt megismeri a vezet\u00e9s \u00e9s a vezet\u0151i l\u00e9t val\u00f3s t\u00f6rv\u00e9nyszer\u0171s\u00e9geit, alap\u00f6sszef\u00fcgg\u00e9sek felt\u00e1r\u00e1s\u00e1val felismeri a vezet\u0151i korl\u00e1tokat, hib\u00e1kat, valamint megismeri ezek tudatos megv\u00e1ltoztat\u00e1s\u00e1nak mik\u00e9ntj\u00e9t. Megismeri a strat\u00e9gia alkot\u00e1s racion\u00e1lis modellj\u00e9t, megval\u00f3s\u00edt\u00e1si m\u00f3dj\u00e1t, megismerkedik a controlling \u00e9rtelmez\u00e9s\u00e9vel, m\u0171k\u00f6d\u00e9s\u00e9vel, strat\u00e9giai c\u00e9lok alkot\u00e1s\u00e1nak folyamat\u00e1val, betekint\u00e9st nyer az \u00fczleti terv elk\u00e9sz\u00edt\u00e9s\u00e9be, megismerkedik a munkat\u00e1rsi motiv\u00e1ci\u00f3 alapjaival, tov\u00e1bb\u00e1 mint\u00e1kat kap mindezek mindennapi, hat\u00e9kony megval\u00f3s\u00edt\u00e1s\u00e1hoz.<\/p>\n<p>&nbsp;<\/p>\n<p><strong>Informatikai kompetenci\u00e1k fejleszt\u00e9se-IKT-01 k\u00e9pz\u00e9s<\/strong><\/p>\n<p><em>Nyilv\u00e1ntart\u00e1sba v\u00e9teli sz\u00e1ma: E-000555\/2014\/D005<\/em><\/p>\n<p>A k\u00e9pz\u00e9s c\u00e9lja, hogy a r\u00e9sztvev\u0151 megtanulja az info \u00e9s kommunik\u00e1ci\u00f3s technol\u00f3gia (IKT) legfontosabb alapfogalmait \u00e9s megismerje a szem\u00e9lyi sz\u00e1m\u00edt\u00f3g\u00e9p k\u00fcl\u00f6nb\u00f6z\u0151 r\u00e9szeit, azok funkci\u00f3it, mindemellett az internet adta lehet\u0151s\u00e9geket gyakorlatiasan tudja felhaszn\u00e1lni. Tud\u00e1suk kiterjed a mindennapi \u00e9letre, hivatalos \u00fcgyek int\u00e9z\u00e9s\u00e9re az internet seg\u00edts\u00e9g\u00e9vel.<\/p>\n<p>&nbsp;<\/p>\n<p><strong>Els\u0151 l\u00e9p\u00e9sek a digit\u00e1lis vil\u00e1gba &#8211; IKER 1. szint\u0171 k\u00e9pz\u00e9s\u00a0<\/strong><\/p>\n<p><em>Nyilv\u00e1ntart\u00e1sba v\u00e9teli sz\u00e1ma: E-000555\/2014\/D008<\/em><\/p>\n<p>A k\u00e9pz\u00e9si program \u00e1tfog\u00f3 c\u00e9lja a digit\u00e1lis kulcskompetencia fejleszt\u00e9se, a digit\u00e1lis t\u00e1rsadalomhoz val\u00f3 tartoz\u00e1ssal kapcsolatos ig\u00e9nyek megalapoz\u00e1sa, pozit\u00edv attit\u0171d kialak\u00edt\u00e1sa a digit\u00e1lis eszk\u00f6z\u00f6k ir\u00e1ny\u00e1ban.<\/p>\n<p>A program konkr\u00e9t c\u00e9ljai:<\/p>\n<ul>\n<li>A r\u00e9sztvev\u0151k k\u00e9pesek legyenek haszn\u00e1lni az infokommunik\u00e1ci\u00f3s eszk\u00f6z\u00fck (PC, tablet, notebook, okostelefon, stb.) m\u0171k\u00f6dtet\u00e9s\u00e9hez sz\u00fcks\u00e9ges alapvet\u0151 funkci\u00f3kat.<\/li>\n<li>K\u00e9pesek legyenek hangh\u00edv\u00e1sra \u00e9s sz\u00f6veges \u00fczenetk\u00fcld\u00e9sre haszn\u00e1lni infokommunik\u00e1ci\u00f3s eszk\u00f6z\u00fcket.<\/li>\n<li>K\u00e9pesek legyenek egyszer\u0171 sz\u00f6vegszerkeszt\u00e9si l\u00e9p\u00e9sek felhaszn\u00e1l\u00e1s\u00e1val r\u00f6vid sz\u00f6veget szerkeszteni.<\/li>\n<li>K\u00e9pesek legyenek egyszer\u0171 ment\u00e9si m\u0171veleteket v\u00e9gezni.<\/li>\n<li>K\u00e9pesek legyenek az interneten t\u00e1j\u00e9koz\u00f3dni, k\u00f6nnyen hozz\u00e1f\u00e9rhet\u0151 inform\u00e1ci\u00f3kat megszerezni.<\/li>\n<li>K\u00e9pesek legyenek elektronikus levelez\u00e9st bonyol\u00edtani az alapvet\u0151 funkci\u00f3k haszn\u00e1lat\u00e1val.<\/li>\n<li>K\u00e9pesek legyenek az infokommunik\u00e1ci\u00f3s eszk\u00f6zeik megismert funkci\u00f3it biztons\u00e1gosan haszn\u00e1lni.<\/li>\n<\/ul>\n<p>&nbsp;<\/p>\n<p><strong>\u00d6n\u00e1ll\u00f3an haszn\u00e1lom az informatikai eszk\u00f6z\u00f6met &#8211; IKER 2. szint\u0171 k\u00e9pz\u00e9s<\/strong><\/p>\n<p><em>Nyilv\u00e1ntart\u00e1sba v\u00e9teli sz\u00e1ma: E-000555\/2014\/D009<\/em><\/p>\n<p>A k\u00e9pz\u00e9si programok \u00e1tfog\u00f3 c\u00e9lja a digit\u00e1lis kulcskompetencia fejleszt\u00e9se, a digit\u00e1lis t\u00e1rsadalomhoz val\u00f3 tartoz\u00e1ssal kapcsolatos ig\u00e9nyek megalapoz\u00e1sa, pozit\u00edv attit\u0171d kialak\u00edt\u00e1sa a digit\u00e1lis eszk\u00f6z\u00f6k ir\u00e1ny\u00e1ban.<\/p>\n<p>A program konkr\u00e9t c\u00e9ljai:<\/p>\n<ul>\n<li>A r\u00e9sztvev\u0151k k\u00e9pesek legyenek a k\u00e9pz\u00e9s sor\u00e1n haszn\u00e1lt eszk\u00f6zeik (PC, tablet, notebook, okostelefon, stb.) \u00f6n\u00e1ll\u00f3 m\u0171k\u00f6dtet\u00e9s\u00e9re, a legfontosabb be\u00e1ll\u00edt\u00e1si lehet\u0151s\u00e9gek haszn\u00e1lat\u00e1ra.<\/li>\n<li>K\u00e9pesek legyenek egyszer\u0171 sz\u00f6vegszerkeszt\u00e9si l\u00e9p\u00e9sek felhaszn\u00e1l\u00e1s\u00e1val r\u00f6vid, de kerek eg\u00e9sz sz\u00f6veget (pl. r\u00f6vid sz\u00f6veges \u00fczenet, r\u00f6vid e-mail) szerkeszteni.<\/li>\n<li>K\u00e9pesek legyenek az interneten t\u00e1j\u00e9koz\u00f3dni, weblapok keres\u0151it haszn\u00e1lva k\u00f6nnyen hozz\u00e1f\u00e9rhet\u0151 inform\u00e1ci\u00f3kat megszerezni.<\/li>\n<li>Az interneten gy\u0171jt\u00f6tt inform\u00e1ci\u00f3kat fel tudj\u00e1k dolgozni, azokat konkr\u00e9t probl\u00e9m\u00e1k megold\u00e1s\u00e1ra felhaszn\u00e1lj\u00e1k.<\/li>\n<li>Elektronikus levelez\u00e9s sor\u00e1n k\u00e9pesek legyenek csatolm\u00e1nyokat haszn\u00e1lni. Felismerve az elektronikus levelez\u00e9s vesz\u00e9lyhelyzeteit (lev\u00e9lszem\u00e9t, e-mailes csal\u00e1s) k\u00e9pesek legyenek azokat egyszer\u0171 m\u00f3don elh\u00e1r\u00edtani.<\/li>\n<li>K\u00e9pesek legyenek k\u00f6z\u00f6ss\u00e9gi port\u00e1lok \u00f6n\u00e1ll\u00f3 haszn\u00e1lat\u00e1ra (regisztr\u00e1ci\u00f3, bejelentkez\u00e9s, inform\u00e1ci\u00f3keres\u00e9s, megoszt\u00e1s, egyszer\u0171 adatv\u00e9delem).<\/li>\n<li>A k\u00e9pz\u00e9s sor\u00e1n haszn\u00e1lt eszk\u00f6zeiket k\u00e9pesek legyenek hangh\u00edv\u00e1sra \u00e9s sz\u00f6veges \u00fczenetk\u00fcld\u00e9sre haszn\u00e1lni.<\/li>\n<\/ul>\n<p>&nbsp;<\/p>\n","protected":false},"excerpt":{"rendered":"<p>Egy\u00e9b, m\u00e1s \u00e1gazatba nem sorolhat\u00f3 k\u00e9pes\u00edt\u00e9sek- \u00dczleti kommunik\u00e1ci\u00f3 Nyilv\u00e1ntart\u00e1sba v\u00e9teli sz\u00e1ma: E-000555\/2014\/D001 A k\u00e9pz\u00e9s elv\u00e9gz\u00e9s\u00e9vel a k\u00e9pz\u00e9sen r\u00e9sztvev\u0151 t\u00f6bbek k\u00f6z\u00f6tt k\u00e9pes lesz \u00f6nmaga jobb megismer\u00e9s\u00e9re, \u00e9rzelmi rezonanci\u00e1inak pontosabb \u00e9rz\u00e9kel\u00e9s\u00e9re, kommunik\u00e1ci\u00f3s korl\u00e1tainak felismer\u00e9s\u00e9re \u00e9s azok tudatos le\u00e9p\u00edt\u00e9s\u00e9re; kommunik\u00e1ci\u00f3 seg\u00edts\u00e9g\u00e9vel tudja \u00e9rt\u0151n kezelni besz\u00e9dpartnerei \u00e9rzelmi megnyilv\u00e1nul\u00e1sait, indulatainak levezet\u00e9s\u00e9t; tudja kontroll\u00e1lni k\u00f6rnyezete befoly\u00e1s\u00e1t viselked\u00e9s\u00e9re, att\u00f3l f\u00fcggetlen\u00edteni mag\u00e1t, a [&#8230;]<\/p>\n","protected":false},"author":1,"featured_media":0,"parent":28,"menu_order":0,"comment_status":"closed","ping_status":"closed","template":"","meta":[],"_links":{"self":[{"href":"http:\/\/training-center.hu\/index.php?rest_route=\/wp\/v2\/pages\/47"}],"collection":[{"href":"http:\/\/training-center.hu\/index.php?rest_route=\/wp\/v2\/pages"}],"about":[{"href":"http:\/\/training-center.hu\/index.php?rest_route=\/wp\/v2\/types\/page"}],"author":[{"embeddable":true,"href":"http:\/\/training-center.hu\/index.php?rest_route=\/wp\/v2\/users\/1"}],"replies":[{"embeddable":true,"href":"http:\/\/training-center.hu\/index.php?rest_route=%2Fwp%2Fv2%2Fcomments&post=47"}],"version-history":[{"count":8,"href":"http:\/\/training-center.hu\/index.php?rest_route=\/wp\/v2\/pages\/47\/revisions"}],"predecessor-version":[{"id":250,"href":"http:\/\/training-center.hu\/index.php?rest_route=\/wp\/v2\/pages\/47\/revisions\/250"}],"up":[{"embeddable":true,"href":"http:\/\/training-center.hu\/index.php?rest_route=\/wp\/v2\/pages\/28"}],"wp:attachment":[{"href":"http:\/\/training-center.hu\/index.php?rest_route=%2Fwp%2Fv2%2Fmedia&parent=47"}],"curies":[{"name":"wp","href":"https:\/\/api.w.org\/{rel}","templated":true}]}}