{"id":40,"date":"2013-01-02T18:05:07","date_gmt":"2013-01-02T17:05:07","guid":{"rendered":"http:\/\/training-center.hu\/?page_id=40"},"modified":"2013-01-03T09:02:13","modified_gmt":"2013-01-03T08:02:13","slug":"szamitastechnikai-kepzesek","status":"publish","type":"page","link":"http:\/\/training-center.hu\/?page_id=40","title":{"rendered":"Sz\u00e1m\u00edt\u00e1stechnikai k\u00e9pz\u00e9sek"},"content":{"rendered":"<p><img decoding=\"async\" loading=\"lazy\" title=\"\" alt=\"\" src=\"http:\/\/furkeszholding.hu\/site\/uploads\/thumb_szamitastechnika.jpg\" width=\"150px\" height=\"99px\" align=\"left\" \/><\/p>\n<h5>C\u00e9lja a biztos sz\u00e1m\u00edt\u00f3g\u00e9p haszn\u00e1lat, kezel\u00e9s, informatikai alapm\u0171velts\u00e9g megszerz\u00e9se. Minden sz\u00e1m\u00edt\u00e1stechnikai k\u00e9pz\u00e9s\u00fcnket tesztes felm\u00e9r\u00e9s el\u0151zi meg, aminek alapj\u00e1n \u00f6ssze\u00e1ll\u00edtjuk azt a tematik\u00e1t, ami az adott szervezet sz\u00e1m\u00e1ra a legmegfelel\u0151bb.<\/h5>\n<p>&nbsp;<\/p>\n<p><strong>Tematik\u00e1nkb\u00f3l\u2026<\/strong><\/p>\n<ul type=\"disc\">\n<li>Internet haszn\u00e1lat, annak form\u00e1i, eszk\u00f6zei, t\u00e1j\u00e9koz\u00f3d\u00e1s, inform\u00e1ci\u00f3 gy\u0171jt\u00e9s \u00e9s t\u00f6m\u00f6r\u00edt\u00e9s, vesz\u00e9lyhelyzetek elker\u00fcl\u00e9se \u00e9s elh\u00e1r\u00edt\u00e1sa.<\/li>\n<li>Sz\u00f6vegszerkeszt\u00e9s: gyorsan \u00e9s hat\u00e9konyan, \u00e1br\u00e1k, k\u00e9pek, objektumok haszn\u00e1lata.<\/li>\n<li>T\u00e1bl\u00e1zatkezel\u00e9s: az \u00fczleti felhaszn\u00e1l\u00e1shoz igaz\u00edtva az alapokt\u00f3l a professzion\u00e1lis haszn\u00e1latig (f\u00fcggv\u00e9nyek, diagramok, kimutat\u00e1sok, stb.).<\/li>\n<li>Prezent\u00e1ci\u00f3 k\u00e9sz\u00edt\u00e9s: l\u00e1tv\u00e1nyos, figyelemfelkelt\u0151 prezent\u00e1ci\u00f3s technik\u00e1k elsaj\u00e1t\u00edt\u00e1sa a gyors \u00e9s hat\u00e9kony el\u0151ad\u00e1sok k\u00e9sz\u00edt\u00e9s\u00e9hez.<\/li>\n<\/ul>\n<ul type=\"disc\">\n<li>Sz\u00e1m\u00edt\u00f3g\u00e9p haszn\u00e1lat, kezel\u00e9s, informatikai alapm\u0171velts\u00e9g megszerz\u00e9se,<\/li>\n<li>Internet haszn\u00e1lat, annak form\u00e1i, eszk\u00f6zei, t\u00e1j\u00e9koz\u00f3d\u00e1s, inform\u00e1ci\u00f3 gy\u0171jt\u00e9s \u00e9s t\u00f6m\u00f6r\u00edt\u00e9s, vesz\u00e9lyhelyzetek elker\u00fcl\u00e9se \u00e9s elh\u00e1r\u00edt\u00e1sa,<\/li>\n<li>Sz\u00f6vegszerkeszt\u00e9s: gyorsan \u00e9s hat\u00e9konyan, \u00e1br\u00e1k, k\u00e9pek, objektumok haszn\u00e1lata<\/li>\n<li>T\u00e1bl\u00e1zatkezel\u00e9s: az \u00fczleti felhaszn\u00e1l\u00e1shoz igaz\u00edtva az alapokt\u00f3l a professzion\u00e1lis haszn\u00e1latig (f\u00fcggv\u00e9nyek, diagramok, kimutat\u00e1sok, stb.).<\/li>\n<li>Prezent\u00e1ci\u00f3 k\u00e9sz\u00edt\u00e9s: l\u00e1tv\u00e1nyos, figyelemfelkelt\u0151 prezent\u00e1ci\u00f3s technik\u00e1k elsaj\u00e1t\u00edt\u00e1sa a gyors \u00e9s hat\u00e9kony el\u0151ad\u00e1sok k\u00e9sz\u00edt\u00e9s\u00e9hez<\/li>\n<\/ul>\n","protected":false},"excerpt":{"rendered":"<p>C\u00e9lja a biztos sz\u00e1m\u00edt\u00f3g\u00e9p haszn\u00e1lat, kezel\u00e9s, informatikai alapm\u0171velts\u00e9g megszerz\u00e9se. Minden sz\u00e1m\u00edt\u00e1stechnikai k\u00e9pz\u00e9s\u00fcnket tesztes felm\u00e9r\u00e9s el\u0151zi meg, aminek alapj\u00e1n \u00f6ssze\u00e1ll\u00edtjuk azt a tematik\u00e1t, ami az adott szervezet sz\u00e1m\u00e1ra a legmegfelel\u0151bb. &nbsp; Tematik\u00e1nkb\u00f3l\u2026 Internet haszn\u00e1lat, annak form\u00e1i, eszk\u00f6zei, t\u00e1j\u00e9koz\u00f3d\u00e1s, inform\u00e1ci\u00f3 gy\u0171jt\u00e9s \u00e9s t\u00f6m\u00f6r\u00edt\u00e9s, vesz\u00e9lyhelyzetek elker\u00fcl\u00e9se \u00e9s elh\u00e1r\u00edt\u00e1sa. Sz\u00f6vegszerkeszt\u00e9s: gyorsan \u00e9s hat\u00e9konyan, \u00e1br\u00e1k, k\u00e9pek, objektumok haszn\u00e1lata. T\u00e1bl\u00e1zatkezel\u00e9s: az [&#8230;]<\/p>\n","protected":false},"author":1,"featured_media":0,"parent":28,"menu_order":0,"comment_status":"closed","ping_status":"closed","template":"","meta":[],"_links":{"self":[{"href":"http:\/\/training-center.hu\/index.php?rest_route=\/wp\/v2\/pages\/40"}],"collection":[{"href":"http:\/\/training-center.hu\/index.php?rest_route=\/wp\/v2\/pages"}],"about":[{"href":"http:\/\/training-center.hu\/index.php?rest_route=\/wp\/v2\/types\/page"}],"author":[{"embeddable":true,"href":"http:\/\/training-center.hu\/index.php?rest_route=\/wp\/v2\/users\/1"}],"replies":[{"embeddable":true,"href":"http:\/\/training-center.hu\/index.php?rest_route=%2Fwp%2Fv2%2Fcomments&post=40"}],"version-history":[{"count":3,"href":"http:\/\/training-center.hu\/index.php?rest_route=\/wp\/v2\/pages\/40\/revisions"}],"predecessor-version":[{"id":123,"href":"http:\/\/training-center.hu\/index.php?rest_route=\/wp\/v2\/pages\/40\/revisions\/123"}],"up":[{"embeddable":true,"href":"http:\/\/training-center.hu\/index.php?rest_route=\/wp\/v2\/pages\/28"}],"wp:attachment":[{"href":"http:\/\/training-center.hu\/index.php?rest_route=%2Fwp%2Fv2%2Fmedia&parent=40"}],"curies":[{"name":"wp","href":"https:\/\/api.w.org\/{rel}","templated":true}]}}