{"id":34,"date":"2013-01-02T18:04:22","date_gmt":"2013-01-02T17:04:22","guid":{"rendered":"http:\/\/training-center.hu\/?page_id=34"},"modified":"2013-01-03T09:30:14","modified_gmt":"2013-01-03T08:30:14","slug":"nyelvi-kepzesek","status":"publish","type":"page","link":"http:\/\/training-center.hu\/?page_id=34","title":{"rendered":"Nyelvi k\u00e9pz\u00e9sek"},"content":{"rendered":"<p>Minden nyelvi programunk folyamatosan fejleszti a r\u00e9sztvev\u0151k besz\u00e9dk\u00e9szs\u00e9g\u00e9t, sz\u00f3kincs\u00e9t, t\u00e1rgyal\u00e1si szint\u0171 nyelvtud\u00e1s\u00e1t, valamint seg\u00edt feloldani azokat a g\u00e1takat, amik miatt f\u00e9lnek megsz\u00f3lalni.<\/p>\n<p><strong>C\u00e9l<\/strong>, hogy a r\u00e9sztvev\u0151k sz\u00e1m\u00e1ra az idegen nyelv val\u00f3ban haszn\u00e1lhat\u00f3 legyen a sz\u00fcks\u00e9ges kommunik\u00e1ci\u00f3s helyzetekben.<\/p>\n<p>Tematik\u00e1nkb\u00f3l\u2026<\/p>\n<p>\u00b7 v\u00e1ltozatos \u00fczleti t\u00e9mak\u00f6r\u00f6k, \u00fczleti kapcsolat\u00e9p\u00edt\u00e9s,<\/p>\n<p>\u00b7 t\u00e1rgyal\u00e1stechnika (konfliktuskezel\u00e9s, \u00e9rdekegyes\u00edt\u00e9s, brainstorming),<\/p>\n<p>\u00b7 \u00e9rt\u00e9kes\u00edt\u00e9s (technik\u00e1k, \u00e9rt\u00e9kes\u00edt\u0151i k\u00e9szs\u00e9gek, \u00fcgyf\u00e9lszolg\u00e1lat),<\/p>\n<p>\u00b7 telefon\u00e1l\u00e1s (kapcsolatfelv\u00e9tel, szervez\u00e9s, probl\u00e9mamegold\u00e1s),<\/p>\n<p>\u00b7 prezent\u00e1ci\u00f3s technik\u00e1k (c\u00e9g, term\u00e9k bemutat\u00e1sa).<\/p>\n<h2>Nyelvi nyitotts\u00e1g tr\u00e9ning<\/h2>\n<p>A nyelvi k\u00e9pz\u00e9st megel\u0151z\u0151 tr\u00e9ningen a r\u00e9sztvev\u0151k lend\u00fcletet \u00e9s eszk\u00f6z\u00f6ket kapnak a nyelvtanul\u00e1shoz, mik\u00f6zben feloldj\u00e1k a nyelvtanul\u00e1s \u00fatj\u00e1ban \u00e1ll\u00f3 bels\u0151 g\u00e1takat. Olyan c\u00e9lk\u00e9nt t\u0171zik a nyelvtanul\u00e1st, amit a k\u00e9s\u0151bbi tanul\u00e1s folyam\u00e1n b\u00e1rmikor fel tud id\u00e9zni &#8211; \u00edgy nem adja fel a nyelvtanul\u00e1st, a nehezebb pillanatokban is szem el\u0151tt tartva saj\u00e1t c\u00e9lj\u00e1t halad tov\u00e1bb.<\/p>\n<p>Olyan \u00faj m\u00f3dszert is haszn\u00e1lunk, ami szinte j\u00e1tszva seg\u00edti a r\u00e9sztvev\u0151ket a k\u00f6nnyed \u00e9s nagyon gyors nyelvtanul\u00e1sban, ez az AVSTh\u00e9ta m\u00f3dszere, amir\u0151l r\u00e9szletesen a www.avstheta.hu oldalon olvashat.<\/p>\n","protected":false},"excerpt":{"rendered":"<p>Minden nyelvi programunk folyamatosan fejleszti a r\u00e9sztvev\u0151k besz\u00e9dk\u00e9szs\u00e9g\u00e9t, sz\u00f3kincs\u00e9t, t\u00e1rgyal\u00e1si szint\u0171 nyelvtud\u00e1s\u00e1t, valamint seg\u00edt feloldani azokat a g\u00e1takat, amik miatt f\u00e9lnek megsz\u00f3lalni. C\u00e9l, hogy a r\u00e9sztvev\u0151k sz\u00e1m\u00e1ra az idegen nyelv val\u00f3ban haszn\u00e1lhat\u00f3 legyen a sz\u00fcks\u00e9ges kommunik\u00e1ci\u00f3s helyzetekben. Tematik\u00e1nkb\u00f3l\u2026 \u00b7 v\u00e1ltozatos \u00fczleti t\u00e9mak\u00f6r\u00f6k, \u00fczleti kapcsolat\u00e9p\u00edt\u00e9s, \u00b7 t\u00e1rgyal\u00e1stechnika (konfliktuskezel\u00e9s, \u00e9rdekegyes\u00edt\u00e9s, brainstorming), \u00b7 \u00e9rt\u00e9kes\u00edt\u00e9s (technik\u00e1k, \u00e9rt\u00e9kes\u00edt\u0151i k\u00e9szs\u00e9gek, \u00fcgyf\u00e9lszolg\u00e1lat), [&#8230;]<\/p>\n","protected":false},"author":1,"featured_media":0,"parent":28,"menu_order":0,"comment_status":"closed","ping_status":"closed","template":"","meta":[],"_links":{"self":[{"href":"http:\/\/training-center.hu\/index.php?rest_route=\/wp\/v2\/pages\/34"}],"collection":[{"href":"http:\/\/training-center.hu\/index.php?rest_route=\/wp\/v2\/pages"}],"about":[{"href":"http:\/\/training-center.hu\/index.php?rest_route=\/wp\/v2\/types\/page"}],"author":[{"embeddable":true,"href":"http:\/\/training-center.hu\/index.php?rest_route=\/wp\/v2\/users\/1"}],"replies":[{"embeddable":true,"href":"http:\/\/training-center.hu\/index.php?rest_route=%2Fwp%2Fv2%2Fcomments&post=34"}],"version-history":[{"count":3,"href":"http:\/\/training-center.hu\/index.php?rest_route=\/wp\/v2\/pages\/34\/revisions"}],"predecessor-version":[{"id":141,"href":"http:\/\/training-center.hu\/index.php?rest_route=\/wp\/v2\/pages\/34\/revisions\/141"}],"up":[{"embeddable":true,"href":"http:\/\/training-center.hu\/index.php?rest_route=\/wp\/v2\/pages\/28"}],"wp:attachment":[{"href":"http:\/\/training-center.hu\/index.php?rest_route=%2Fwp%2Fv2%2Fmedia&parent=34"}],"curies":[{"name":"wp","href":"https:\/\/api.w.org\/{rel}","templated":true}]}}