{"id":32,"date":"2013-01-02T18:04:10","date_gmt":"2013-01-02T17:04:10","guid":{"rendered":"http:\/\/training-center.hu\/?page_id=32"},"modified":"2013-01-03T09:01:21","modified_gmt":"2013-01-03T08:01:21","slug":"onismereti-kepzesek","status":"publish","type":"page","link":"http:\/\/training-center.hu\/?page_id=32","title":{"rendered":"\u00d6nismereti k\u00e9pz\u00e9sek"},"content":{"rendered":"<p><a name=\"_Toc240778554\"><\/a><strong>C\u00e9lja:<\/strong> Felt\u00e1rni azokat az \u00e9rzelmi akad\u00e1lyokat, amelyek rejtetten akad\u00e1lyozz\u00e1k egyes k\u00e9pess\u00e9geink kifejl\u0151d\u00e9s\u00e9t, korl\u00e1tozz\u00e1k a szem\u00e9lyis\u00e9get a mindennapi \u00e9s az \u00fczleti \u00e9letben. A tr\u00e9ning megold\u00e1sokat ny\u00fajt ezek le\u00e9p\u00edt\u00e9s\u00e9re, gyeng\u00edt\u00e9s\u00e9re.<\/p>\n<p><a name=\"_Toc264898211\"><\/a><a name=\"_Toc240778713\"><\/a><a name=\"_Toc240778555\"><\/a>Seg\u00edts\u00e9get ny\u00fajt a szem\u00e9lyis\u00e9gnek abban, hogy megtal\u00e1lja bels\u0151, eddig rejtett tartal\u00e9kait. Megtan\u00edt arra, hogy hogyan lehet stabil \u00e9rzelmi t\u00f3nusra \u00e9s gyors d\u00f6nt\u00e9si k\u00e9pess\u00e9gre szert tenni minden helyzetben. Megtan\u00edt a sz\u00fcks\u00e9gletek ment\u00e9n t\u00f6rt\u00e9n\u0151, er\u0151szakmentes kommunik\u00e1ci\u00f3 alapjaira. A tov\u00e1bbiakban stabilabb, hat\u00e1rozottabb habitust, ny\u00edltabb, lehet\u0151s\u00e9gekben j\u00f3val gazdagabb \u00e9letet tesz lehet\u0151v\u00e9.<\/p>\n","protected":false},"excerpt":{"rendered":"<p>C\u00e9lja: Felt\u00e1rni azokat az \u00e9rzelmi akad\u00e1lyokat, amelyek rejtetten akad\u00e1lyozz\u00e1k egyes k\u00e9pess\u00e9geink kifejl\u0151d\u00e9s\u00e9t, korl\u00e1tozz\u00e1k a szem\u00e9lyis\u00e9get a mindennapi \u00e9s az \u00fczleti \u00e9letben. A tr\u00e9ning megold\u00e1sokat ny\u00fajt ezek le\u00e9p\u00edt\u00e9s\u00e9re, gyeng\u00edt\u00e9s\u00e9re. Seg\u00edts\u00e9get ny\u00fajt a szem\u00e9lyis\u00e9gnek abban, hogy megtal\u00e1lja bels\u0151, eddig rejtett tartal\u00e9kait. Megtan\u00edt arra, hogy hogyan lehet stabil \u00e9rzelmi t\u00f3nusra \u00e9s gyors d\u00f6nt\u00e9si k\u00e9pess\u00e9gre szert tenni minden helyzetben. [&#8230;]<\/p>\n","protected":false},"author":1,"featured_media":0,"parent":28,"menu_order":0,"comment_status":"closed","ping_status":"closed","template":"","meta":[],"_links":{"self":[{"href":"http:\/\/training-center.hu\/index.php?rest_route=\/wp\/v2\/pages\/32"}],"collection":[{"href":"http:\/\/training-center.hu\/index.php?rest_route=\/wp\/v2\/pages"}],"about":[{"href":"http:\/\/training-center.hu\/index.php?rest_route=\/wp\/v2\/types\/page"}],"author":[{"embeddable":true,"href":"http:\/\/training-center.hu\/index.php?rest_route=\/wp\/v2\/users\/1"}],"replies":[{"embeddable":true,"href":"http:\/\/training-center.hu\/index.php?rest_route=%2Fwp%2Fv2%2Fcomments&post=32"}],"version-history":[{"count":3,"href":"http:\/\/training-center.hu\/index.php?rest_route=\/wp\/v2\/pages\/32\/revisions"}],"predecessor-version":[{"id":122,"href":"http:\/\/training-center.hu\/index.php?rest_route=\/wp\/v2\/pages\/32\/revisions\/122"}],"up":[{"embeddable":true,"href":"http:\/\/training-center.hu\/index.php?rest_route=\/wp\/v2\/pages\/28"}],"wp:attachment":[{"href":"http:\/\/training-center.hu\/index.php?rest_route=%2Fwp%2Fv2%2Fmedia&parent=32"}],"curies":[{"name":"wp","href":"https:\/\/api.w.org\/{rel}","templated":true}]}}