{"id":219,"date":"2015-07-02T09:35:29","date_gmt":"2015-07-02T07:35:29","guid":{"rendered":"http:\/\/training-center.hu\/?page_id=219"},"modified":"2015-07-02T09:58:19","modified_gmt":"2015-07-02T07:58:19","slug":"tovabbi-kepzeseink","status":"publish","type":"page","link":"http:\/\/training-center.hu\/?page_id=219","title":{"rendered":"Tov\u00e1bbi k\u00e9pz\u00e9seink"},"content":{"rendered":"<p><a href=\"http:\/\/training-center.hu\/?page_id=36\">Csapat\u00e9p\u00edt\u0151 k\u00e9pz\u00e9sek<\/a><\/p>\n<p><a href=\"http:\/\/training-center.hu\/?page_id=25\">\u00c9rt\u00e9kes\u00edt\u0151i k\u00e9pz\u00e9sek<\/a><\/p>\n<p><a href=\"http:\/\/training-center.hu\/?page_id=24\">Kommunik\u00e1ci\u00f3s k\u00e9pz\u00e9sek<\/a><\/p>\n<p><a href=\"http:\/\/training-center.hu\/?page_id=38\">Munkaszervez\u00e9ssel \u00e9s id\u0151gazd\u00e1lkod\u00e1ssal \u00f6sszef\u00fcgg\u0151 k\u00e9pz\u00e9sek<\/a><\/p>\n<p><a href=\"http:\/\/training-center.hu\/?page_id=34\">Nyelvi k\u00e9pz\u00e9sek<\/a><\/p>\n<p><a href=\"http:\/\/training-center.hu\/?page_id=32\">\u00d6nismereti k\u00e9pz\u00e9sek<\/a><\/p>\n<p><a href=\"http:\/\/training-center.hu\/?page_id=17\">Strat\u00e9giai k\u00e9pz\u00e9sek<\/a><\/p>\n<p><a href=\"http:\/\/training-center.hu\/?page_id=40\">Sz\u00e1m\u00edt\u00e1stechnikai k\u00e9pz\u00e9sek<\/a><\/p>\n","protected":false},"excerpt":{"rendered":"<p>Csapat\u00e9p\u00edt\u0151 k\u00e9pz\u00e9sek \u00c9rt\u00e9kes\u00edt\u0151i k\u00e9pz\u00e9sek Kommunik\u00e1ci\u00f3s k\u00e9pz\u00e9sek Munkaszervez\u00e9ssel \u00e9s id\u0151gazd\u00e1lkod\u00e1ssal \u00f6sszef\u00fcgg\u0151 k\u00e9pz\u00e9sek Nyelvi k\u00e9pz\u00e9sek \u00d6nismereti k\u00e9pz\u00e9sek Strat\u00e9giai k\u00e9pz\u00e9sek Sz\u00e1m\u00edt\u00e1stechnikai k\u00e9pz\u00e9sek<\/p>\n","protected":false},"author":1,"featured_media":0,"parent":0,"menu_order":0,"comment_status":"closed","ping_status":"closed","template":"","meta":[],"_links":{"self":[{"href":"http:\/\/training-center.hu\/index.php?rest_route=\/wp\/v2\/pages\/219"}],"collection":[{"href":"http:\/\/training-center.hu\/index.php?rest_route=\/wp\/v2\/pages"}],"about":[{"href":"http:\/\/training-center.hu\/index.php?rest_route=\/wp\/v2\/types\/page"}],"author":[{"embeddable":true,"href":"http:\/\/training-center.hu\/index.php?rest_route=\/wp\/v2\/users\/1"}],"replies":[{"embeddable":true,"href":"http:\/\/training-center.hu\/index.php?rest_route=%2Fwp%2Fv2%2Fcomments&post=219"}],"version-history":[{"count":4,"href":"http:\/\/training-center.hu\/index.php?rest_route=\/wp\/v2\/pages\/219\/revisions"}],"predecessor-version":[{"id":234,"href":"http:\/\/training-center.hu\/index.php?rest_route=\/wp\/v2\/pages\/219\/revisions\/234"}],"wp:attachment":[{"href":"http:\/\/training-center.hu\/index.php?rest_route=%2Fwp%2Fv2%2Fmedia&parent=219"}],"curies":[{"name":"wp","href":"https:\/\/api.w.org\/{rel}","templated":true}]}}