{"id":161,"date":"2013-01-03T10:02:19","date_gmt":"2013-01-03T09:02:19","guid":{"rendered":"http:\/\/training-center.hu\/?page_id=161"},"modified":"2024-07-30T09:42:58","modified_gmt":"2024-07-30T07:42:58","slug":"ugyfelszolgalat-rendje","status":"publish","type":"page","link":"http:\/\/training-center.hu\/?page_id=161","title":{"rendered":"\u00dcgyf\u00e9lszolg\u00e1lat rendje"},"content":{"rendered":"<h5>A Training Center Kft. feln\u0151ttk\u00e9pz\u00e9si \u00e9s feln\u0151ttk\u00e9pz\u00e9shez kapcsol\u00f3d\u00f3 szolg\u00e1ltat\u00e1si tev\u00e9kenys\u00e9get v\u00e9gez. \u00dcgyfeleivel t\u00f6rt\u00e9n\u0151 kapcsolattart\u00e1s c\u00e9lj\u00e1b\u00f3l \u00fcgyf\u00e9lszolg\u00e1latot tart fenn. \u00c1ltal\u00e1nos t\u00e1j\u00e9koztat\u00e1sk\u00e9nt \u00fcgyfeleink sz\u00e1m\u00e1ra a honlapunkon tal\u00e1lhat\u00f3 inform\u00e1ci\u00f3kat szolg\u00e1ltat.<\/h5>\n<h5>Panaszkezel\u00e9si szab\u00e1lyainkat a panaszkezel\u00e9s rendje men\u00fcpontban tal\u00e1lja.<\/h5>\n<p><b>K\u00e9pz\u00e9s\u00e9rt felel\u0151s vezet\u0151:\u00a0Moln\u00e1r M\u00f3nika<\/b><\/p>\n<p><strong>\u00dcgyf\u00e9lszolg\u00e1lat el\u00e9rhet\u0151s\u00e9gei:<\/strong><\/p>\n<p><strong>C\u00edm:<\/strong>\u00a0 7800 Sikl\u00f3s, Zenthe Ferenc t\u00e9r 2.<\/p>\n<p><strong>Telefonsz\u00e1m:<\/strong> +36 70 946 4611<\/p>\n<p><strong>Elektronikus levelez\u00e9si c\u00edm:<\/strong> info@training-center.hu<\/p>\n<p><strong>\u00dcgyf\u00e9lszolg\u00e1lati id\u0151:<\/strong> h\u00e9tf\u0151t\u0151l p\u00e9ntekig el\u0151re megbesz\u00e9lt id\u0151pontban.<\/p>\n","protected":false},"excerpt":{"rendered":"<p>A Training Center Kft. feln\u0151ttk\u00e9pz\u00e9si \u00e9s feln\u0151ttk\u00e9pz\u00e9shez kapcsol\u00f3d\u00f3 szolg\u00e1ltat\u00e1si tev\u00e9kenys\u00e9get v\u00e9gez. \u00dcgyfeleivel t\u00f6rt\u00e9n\u0151 kapcsolattart\u00e1s c\u00e9lj\u00e1b\u00f3l \u00fcgyf\u00e9lszolg\u00e1latot tart fenn. \u00c1ltal\u00e1nos t\u00e1j\u00e9koztat\u00e1sk\u00e9nt \u00fcgyfeleink sz\u00e1m\u00e1ra a honlapunkon tal\u00e1lhat\u00f3 inform\u00e1ci\u00f3kat szolg\u00e1ltat. Panaszkezel\u00e9si szab\u00e1lyainkat a panaszkezel\u00e9s rendje men\u00fcpontban tal\u00e1lja. K\u00e9pz\u00e9s\u00e9rt felel\u0151s vezet\u0151:\u00a0Moln\u00e1r M\u00f3nika \u00dcgyf\u00e9lszolg\u00e1lat el\u00e9rhet\u0151s\u00e9gei: C\u00edm:\u00a0 7800 Sikl\u00f3s, Zenthe Ferenc t\u00e9r 2. Telefonsz\u00e1m: +36 70 946 4611 Elektronikus levelez\u00e9si c\u00edm: [&#8230;]<\/p>\n","protected":false},"author":1,"featured_media":0,"parent":0,"menu_order":0,"comment_status":"closed","ping_status":"closed","template":"","meta":[],"_links":{"self":[{"href":"http:\/\/training-center.hu\/index.php?rest_route=\/wp\/v2\/pages\/161"}],"collection":[{"href":"http:\/\/training-center.hu\/index.php?rest_route=\/wp\/v2\/pages"}],"about":[{"href":"http:\/\/training-center.hu\/index.php?rest_route=\/wp\/v2\/types\/page"}],"author":[{"embeddable":true,"href":"http:\/\/training-center.hu\/index.php?rest_route=\/wp\/v2\/users\/1"}],"replies":[{"embeddable":true,"href":"http:\/\/training-center.hu\/index.php?rest_route=%2Fwp%2Fv2%2Fcomments&post=161"}],"version-history":[{"count":11,"href":"http:\/\/training-center.hu\/index.php?rest_route=\/wp\/v2\/pages\/161\/revisions"}],"predecessor-version":[{"id":282,"href":"http:\/\/training-center.hu\/index.php?rest_route=\/wp\/v2\/pages\/161\/revisions\/282"}],"wp:attachment":[{"href":"http:\/\/training-center.hu\/index.php?rest_route=%2Fwp%2Fv2%2Fmedia&parent=161"}],"curies":[{"name":"wp","href":"https:\/\/api.w.org\/{rel}","templated":true}]}}