{"id":15,"date":"2013-01-02T17:48:21","date_gmt":"2013-01-02T16:48:21","guid":{"rendered":"http:\/\/training-center.hu\/?page_id=15"},"modified":"2024-07-30T09:42:13","modified_gmt":"2024-07-30T07:42:13","slug":"elerhetoseg","status":"publish","type":"page","link":"http:\/\/training-center.hu\/","title":{"rendered":"El\u00e9rhet\u0151s\u00e9g"},"content":{"rendered":"<p><strong>E-mail:<\/strong> <a href=\"mailto:info@training-center.hu\">info@training-center.hu<\/a><\/p>\n<p><strong>Telefon:<\/strong>+36 70 946 4611<\/p>\n<p><strong>Sz\u00e9khely:\u00a0<\/strong>7800 Sikl\u00f3s, Zenthe Ferenc t\u00e9r 2.<strong><br \/>\n<\/strong><\/p>\n<p>&nbsp;<\/p>\n","protected":false},"excerpt":{"rendered":"<p>E-mail: info@training-center.hu Telefon:+36 70 946 4611 Sz\u00e9khely:\u00a07800 Sikl\u00f3s, Zenthe Ferenc t\u00e9r 2. &nbsp;<\/p>\n","protected":false},"author":1,"featured_media":0,"parent":0,"menu_order":2,"comment_status":"closed","ping_status":"closed","template":"","meta":[],"_links":{"self":[{"href":"http:\/\/training-center.hu\/index.php?rest_route=\/wp\/v2\/pages\/15"}],"collection":[{"href":"http:\/\/training-center.hu\/index.php?rest_route=\/wp\/v2\/pages"}],"about":[{"href":"http:\/\/training-center.hu\/index.php?rest_route=\/wp\/v2\/types\/page"}],"author":[{"embeddable":true,"href":"http:\/\/training-center.hu\/index.php?rest_route=\/wp\/v2\/users\/1"}],"replies":[{"embeddable":true,"href":"http:\/\/training-center.hu\/index.php?rest_route=%2Fwp%2Fv2%2Fcomments&post=15"}],"version-history":[{"count":10,"href":"http:\/\/training-center.hu\/index.php?rest_route=\/wp\/v2\/pages\/15\/revisions"}],"predecessor-version":[{"id":281,"href":"http:\/\/training-center.hu\/index.php?rest_route=\/wp\/v2\/pages\/15\/revisions\/281"}],"wp:attachment":[{"href":"http:\/\/training-center.hu\/index.php?rest_route=%2Fwp%2Fv2%2Fmedia&parent=15"}],"curies":[{"name":"wp","href":"https:\/\/api.w.org\/{rel}","templated":true}]}}