{"id":106,"date":"2013-01-02T18:53:27","date_gmt":"2013-01-02T17:53:27","guid":{"rendered":"http:\/\/training-center.hu\/?page_id=106"},"modified":"2017-02-09T16:55:56","modified_gmt":"2017-02-09T15:55:56","slug":"minosegpolitikank","status":"publish","type":"page","link":"http:\/\/training-center.hu\/?page_id=106","title":{"rendered":"Min\u0151s\u00e9gpolitik\u00e1nk"},"content":{"rendered":"<p><b>K\u00fcldet\u00e9snyilatkozatunk<\/b><\/p>\n<p>A Training Center Kft. c\u00e9lja a k\u00e9pz\u00e9si szolg\u00e1ltat\u00e1st megrendel\u0151k min\u0151s\u00e9gi ig\u00e9nyeinek magas sz\u00ednvonal\u00fa kiel\u00e9g\u00edt\u00e9se a v\u00e1llalt hat\u00e1rid\u0151re t\u00f6rt\u00e9n\u0151 pontos teljes\u00edt\u00e9ssel. K\u00e9pz\u00e9si k\u00edn\u00e1latunkat folyamatosan b\u0151v\u00edtj\u00fck a partneri ig\u00e9nyeknek megfelel\u0151en. Szolg\u00e1ltat\u00e1sainkkal kapcsolatos k\u00f6vetelm\u00e9nyekben a Megrendel\u0151 a m\u00e9rt\u00e9kad\u00f3, Megrendel\u0151ink egyedi k\u00edv\u00e1ns\u00e1gait igyeksz\u00fcnk marad\u00e9ktalanul figyelembe venni. Szolg\u00e1ltat\u00e1saink min\u0151s\u00e9g\u00e9t folyamatosan fejlesztj\u00fck partnereink el\u00e9gedetts\u00e9g\u00e9nek \u00e9s c\u00e9g\u00fcnk hat\u00e9kony m\u0171k\u00f6d\u00e9s\u00e9nek el\u00e9r\u00e9s\u00e9hez.<\/p>\n<p><b>A k\u00e9pz\u00e9si c\u00e9lok megval\u00f3s\u00edt\u00e1s\u00e1t szolg\u00e1l\u00f3 elk\u00e9pzel\u00e9sek, a m\u0171k\u00f6d\u00e9s alapelvei, szervezeti kult\u00fara<\/b><\/p>\n<p>Sz\u00ednvonalas t\u00e1j\u00e9koztat\u00e1ssal, min\u0151s\u00e9gi szervez\u00e9si munk\u00e1val, ig\u00e9nyes infrastruktur\u00e1lis felt\u00e9telekkel alapozzuk meg a\u00a0 szakmai munk\u00e1t.<\/p>\n<p>A tud\u00e1s \u00e9s k\u00e9pess\u00e9gek fejleszt\u00e9s\u00e9hez szak\u00e9rt\u0151 oktat\u00f3i g\u00e1rd\u00e1t vonultatunk fel.<\/p>\n<p>Minden munk\u00e1t helyesen, a folyamatle\u00edr\u00e1soknak megfelel\u0151en v\u00e9gz\u00fcnk. Ez nem csak a min\u0151s\u00e9get jav\u00edtja, hanem a k\u00f6lts\u00e9geket cs\u00f6kkenti. A min\u0151s\u00e9g n\u00f6veli a gazdas\u00e1goss\u00e1got.<\/p>\n<p>Munkat\u00e1rsaink teljes\u00edtm\u00e9ny\u00e9nek meg\u00edt\u00e9l\u00e9s\u00e9ben a v\u00e9gzett munka min\u0151s\u00e9ge d\u00f6nt\u0151 szerepet kap. C\u00e9g\u00fcnk minden munkat\u00e1rsa \u2013 saj\u00e1t feladatk\u00f6r\u00e9ben \u2013 hozz\u00e1j\u00e1rul min\u0151s\u00e9gi c\u00e9ljaink el\u00e9r\u00e9s\u00e9hez, ez\u00e9rt minden dolgoz\u00f3 k\u00f6telezetts\u00e9ge, hogy kifog\u00e1stalan munk\u00e1t v\u00e9gezzen.<\/p>\n<p>Szolg\u00e1ltat\u00e1saink min\u0151s\u00e9ge f\u00fcgg alv\u00e1llalkoz\u00f3ink szolg\u00e1ltat\u00e1sainak min\u0151s\u00e9g\u00e9t\u0151l is. Alv\u00e1llalkoz\u00f3inkt\u00f3l szint\u00e9n kifog\u00e1stalan min\u0151s\u00e9get k\u00e9r\u00fcnk.<\/p>\n<p>A c\u00e9l mindig a \u201eNulla hiba\u201d vagy \u201e100% hib\u00e1tlan\u201d. Nem csak mag\u00e1t a hib\u00e1t, hanem a hiba ok\u00e1t is meg kell sz\u00fcntetni. A hiba megel\u0151z\u00e9se fontosabb a hiba megsz\u00fcntet\u00e9s\u00e9n\u00e9l. A hib\u00e1k megel\u0151z\u00e9s\u00e9re \u00e9s megsz\u00fcntet\u00e9s\u00e9re megfelel\u0151 elj\u00e1r\u00e1sokat vezett\u00fcnk be.<\/p>\n<p><b>M\u0171k\u00f6d\u00e9s\u00fcnk csak akkor lehet eredm\u00e9nyes a feln\u0151ttk\u00e9pz\u00e9s ter\u00fclet\u00e9n, ha messzemen\u0151kig figyelembe vessz\u00fck a k\u00e9pz\u00e9sben r\u00e9szt vev\u0151k, a munk\u00e1ltat\u00f3k, a munkat\u00e1rsak \u00e9s az oktat\u00f3k ig\u00e9nyeit.<\/b><\/p>\n<p>Ennek \u00e9rdek\u00e9ben<\/p>\n<ul>\n<li>Kapcsolatot tartunk munk\u00e1ltat\u00f3kkal.<\/li>\n<li>Az el\u0151zetes tud\u00e1sszint felm\u00e9r\u00e9sen, a k\u00e9pz\u00e9si sz\u00fcks\u00e9gletek felm\u00e9r\u00e9se \u00e9s k\u00e9pz\u00e9si tan\u00e1csad\u00e1s szolg\u00e1ltat\u00e1sokon, a sz\u00ednvonalas k\u00e9pz\u00e9sen t\u00fal k\u00fcl\u00f6nleges, pszichol\u00f3giai m\u00e9r\u00e9sekkel is seg\u00edtj\u00fck a k\u00e9pz\u00e9seinkbe bekapcsol\u00f3d\u00f3 r\u00e9sztvev\u0151ket.<\/li>\n<\/ul>\n<ul>\n<li>A Megrendel\u0151k, k\u00e9pz\u00e9sben r\u00e9szt vev\u0151k, oktat\u00f3k, munkat\u00e1rsak el\u00e9gedetts\u00e9g\u00e9t folyamatosan m\u00e9rj\u00fck, vel\u00fck \u00e1lland\u00f3 kommunik\u00e1ci\u00f3s kapcsolatban \u00e1llunk.<\/li>\n<\/ul>\n<p><b>Az int\u00e9zm\u00e9ny elk\u00f6telezetts\u00e9ge a szakmai k\u00f6vetelm\u00e9nyek teljes\u00edt\u00e9se, a min\u0151s\u00e9gir\u00e1ny\u00edt\u00e1si rendszer, valamint a szakmai munka eredm\u00e9nyess\u00e9g\u00e9nek folyamatos fejleszt\u00e9se ir\u00e1nt<\/b><\/p>\n<p>Oktat\u00f3ink, munkat\u00e1rsaink szakmai tud\u00e1s\u00e1ra, felk\u00e9sz\u00fclts\u00e9g\u00e9re t\u00e1maszkodunk k\u00e9pz\u00e9si programjaink fejleszt\u00e9se sor\u00e1n.<\/p>\n<p>A k\u00e9pz\u00e9si \u00e9s \u00e9rt\u00e9kel\u00e9si folyamatot a jogszab\u00e1lyi el\u0151\u00edr\u00e1sok szigor\u00fa figyelembev\u00e9tel\u00e9vel, a k\u00e9pz\u00e9sek szakmai tartalm\u00e1t alapvet\u0151en meghat\u00e1roz\u00f3 k\u00e9pz\u00e9si programjainkban \u00e9s a m\u0171k\u00f6d\u00e9si folyamatainkat szab\u00e1lyoz\u00f3 min\u0151s\u00e9gir\u00e1ny\u00edt\u00e1si rendszer\u00fcnkben megfogalmazottak szerint v\u00e9gezz\u00fck, a folyamatot teljes m\u00e9rt\u00e9kben ellen\u0151rz\u00e9s alatt tartjuk, nem megfelel\u0151s\u00e9g eset\u00e9n beavatkozunk.<\/p>\n<p>Szab\u00e1lyozott \u00e9s ellen\u0151rizhet\u0151, dokument\u00e1lhat\u00f3 keretek k\u00f6z\u00f6tt biztos\u00edtjuk az \u00e1lland\u00f3 fejl\u0151d\u00e9st, a szakmai munka sz\u00ednvonal\u00e1nak emel\u00e9s\u00e9t, hat\u00e9konys\u00e1g\u00e1nak fokoz\u00e1s\u00e1t, partnereink el\u00e9gedetts\u00e9g\u00e9nek n\u00f6vel\u00e9s\u00e9t.<\/p>\n<p>D\u00e1tum: 2014. DECEMBER 1.<\/p>\n<p style=\"text-align: left;\" align=\"center\"><b>Zseltvay Gabriella<\/b><\/p>\n","protected":false},"excerpt":{"rendered":"<p>K\u00fcldet\u00e9snyilatkozatunk A Training Center Kft. c\u00e9lja a k\u00e9pz\u00e9si szolg\u00e1ltat\u00e1st megrendel\u0151k min\u0151s\u00e9gi ig\u00e9nyeinek magas sz\u00ednvonal\u00fa kiel\u00e9g\u00edt\u00e9se a v\u00e1llalt hat\u00e1rid\u0151re t\u00f6rt\u00e9n\u0151 pontos teljes\u00edt\u00e9ssel. K\u00e9pz\u00e9si k\u00edn\u00e1latunkat folyamatosan b\u0151v\u00edtj\u00fck a partneri ig\u00e9nyeknek megfelel\u0151en. Szolg\u00e1ltat\u00e1sainkkal kapcsolatos k\u00f6vetelm\u00e9nyekben a Megrendel\u0151 a m\u00e9rt\u00e9kad\u00f3, Megrendel\u0151ink egyedi k\u00edv\u00e1ns\u00e1gait igyeksz\u00fcnk marad\u00e9ktalanul figyelembe venni. Szolg\u00e1ltat\u00e1saink min\u0151s\u00e9g\u00e9t folyamatosan fejlesztj\u00fck partnereink el\u00e9gedetts\u00e9g\u00e9nek \u00e9s c\u00e9g\u00fcnk hat\u00e9kony m\u0171k\u00f6d\u00e9s\u00e9nek el\u00e9r\u00e9s\u00e9hez. A [&#8230;]<\/p>\n","protected":false},"author":1,"featured_media":0,"parent":0,"menu_order":0,"comment_status":"closed","ping_status":"closed","template":"","meta":[],"_links":{"self":[{"href":"http:\/\/training-center.hu\/index.php?rest_route=\/wp\/v2\/pages\/106"}],"collection":[{"href":"http:\/\/training-center.hu\/index.php?rest_route=\/wp\/v2\/pages"}],"about":[{"href":"http:\/\/training-center.hu\/index.php?rest_route=\/wp\/v2\/types\/page"}],"author":[{"embeddable":true,"href":"http:\/\/training-center.hu\/index.php?rest_route=\/wp\/v2\/users\/1"}],"replies":[{"embeddable":true,"href":"http:\/\/training-center.hu\/index.php?rest_route=%2Fwp%2Fv2%2Fcomments&post=106"}],"version-history":[{"count":7,"href":"http:\/\/training-center.hu\/index.php?rest_route=\/wp\/v2\/pages\/106\/revisions"}],"predecessor-version":[{"id":266,"href":"http:\/\/training-center.hu\/index.php?rest_route=\/wp\/v2\/pages\/106\/revisions\/266"}],"wp:attachment":[{"href":"http:\/\/training-center.hu\/index.php?rest_route=%2Fwp%2Fv2%2Fmedia&parent=106"}],"curies":[{"name":"wp","href":"https:\/\/api.w.org\/{rel}","templated":true}]}}