{"id":105,"date":"2013-01-02T18:52:38","date_gmt":"2013-01-02T17:52:38","guid":{"rendered":"http:\/\/training-center.hu\/?page_id=105"},"modified":"2013-01-03T09:57:28","modified_gmt":"2013-01-03T08:57:28","slug":"felnottkepzesi-szolgaltatasok-tajekoztatoja-2","status":"publish","type":"page","link":"http:\/\/training-center.hu\/?page_id=105","title":{"rendered":"Feln\u0151ttk\u00e9pz\u00e9si szolg\u00e1ltat\u00e1sok t\u00e1j\u00e9koztat\u00f3ja"},"content":{"rendered":"<h2>T\u00c1J\u00c9KOZTAT\u00d3 A FELN\u0150TTK\u00c9PZ\u00c9SI SZOLG\u00c1LTAT\u00c1SOKR\u00d3L<\/h2>\n<p>&nbsp;<\/p>\n<div align=\"center\">\n<table width=\"965\" border=\"1\" cellspacing=\"0\" cellpadding=\"0\">\n<tbody>\n<tr>\n<td width=\"167\"><strong>Feln\u0151ttk\u00e9pz\u00e9si szolg\u00e1ltat\u00e1s megnevez\u00e9se<\/strong><\/td>\n<td colspan=\"2\" width=\"695\"><strong>A szolg\u00e1ltat\u00e1s c\u00e9lja<\/strong><\/td>\n<td style=\"text-align: center;\" width=\"103\"><strong>D\u00edja<\/strong><\/td>\n<\/tr>\n<tr>\n<td width=\"167\">\n<p align=\"left\"><strong>El\u0151zetes tud\u00e1sszint felm\u00e9r\u00e9s<\/strong><\/p>\n<\/td>\n<td colspan=\"2\" width=\"695\">A v\u00e1lasztott k\u00e9pz\u00e9sbe val\u00f3 bekapcsol\u00f3d\u00e1shoz a bemeneti kompetenci\u00e1k megl\u00e9t\u00e9nek vizsg\u00e1lata, vagy a k\u00e9pz\u00e9s bizonyos \u00f3r\u00e1inak, moduljainak l\u00e1togat\u00e1sa al\u00f3li felment\u00e9s, mivel a r\u00e9sztvev\u0151 m\u00e1r rendelkezik a k\u00e9pz\u00e9s sor\u00e1n elsaj\u00e1t\u00edtand\u00f3 ismeretek, kompetenci\u00e1k egy r\u00e9sz\u00e9vel.<\/td>\n<td style=\"text-align: center;\" width=\"103\"><strong>Ingyenes<\/strong><\/td>\n<\/tr>\n<tr>\n<td width=\"167\">\n<p align=\"left\"><strong>K\u00e9pz\u00e9si sz\u00fcks\u00e9gletek felm\u00e9r\u00e9se \u00e9s k\u00e9pz\u00e9si tan\u00e1csad\u00e1s<\/strong><\/p>\n<\/td>\n<td colspan=\"2\" width=\"695\">Sz\u00f3beli konzult\u00e1ci\u00f3 keret\u00e9ben a szolg\u00e1ltat\u00e1s az \u00e9rdekl\u0151d\u0151 sz\u00e1m\u00e1ra meghat\u00e1rozza azokat a k\u00e9pz\u00e9si ir\u00e1nyokat, illetve konkr\u00e9t k\u00e9pz\u00e9si form\u00e1kat, vagy k\u00e9pz\u00e9si programokat az int\u00e9zm\u00e9ny k\u00e9pz\u00e9si k\u00edn\u00e1lat\u00e1b\u00f3l, amelyek elv\u00e9gz\u00e9se el\u0151seg\u00edtheti az \u00e9rdekl\u0151d\u0151 karrierc\u00e9ljainak megval\u00f3s\u00edt\u00e1s\u00e1t.<\/td>\n<td width=\"103\">\n<p align=\"center\"><b>Ingyenes<\/b><\/p>\n<\/td>\n<\/tr>\n<tr>\n<td width=\"167\">\n<p align=\"left\"><strong>Egy\u00e9b feln\u0151ttk\u00e9pz\u00e9si szolg\u00e1ltat\u00e1s (Tesztel\u00e9s) &#8211; \u00c9rzelmi-\u00c9leter\u0151 Topogr\u00e1fia teszt (\u00c9\u00c9T)<\/strong><\/p>\n<\/td>\n<td width=\"321\">C\u00e9lja megmutatni a kit\u00f6lt\u0151 \u00e9rzelmi rezonanci\u00e1it. R\u00e1vil\u00e1g\u00edtani az \u00e9rzelmi h\u00e1ztart\u00e1s azon pontjaira, amelyek energiaveszt\u00e9st okoznak a mindennapjaiban. Seg\u00edts\u00e9get ny\u00fajt annak meghat\u00e1roz\u00e1s\u00e1hoz, hogy mely pontokon c\u00e9lszer\u0171 az egy\u00e9nnek v\u00e1ltania.\u00a0Megmutatja azt is, hogy egy adott szem\u00e9ly hogyan reag\u00e1l bizonyos helyzetekre. Mindenkinek teljesen egy\u00e9ni rajzolat\u00fa az \u00c9rzelmi-\u00c9leter\u0151 Topogr\u00e1fia grafikonja.Az \u00e9rzelmek r\u00e1ad\u00e1sul kihat\u00e1ssal vannak \u00e9leter\u0151nkre, az \u00e9let-energi\u00e1ra, \u00e9s meghat\u00e1rozz\u00e1k a kit\u00f6lt\u0151 m\u00e1sokhoz val\u00f3 viszony\u00e1t, kommunik\u00e1ci\u00f3j\u00e1t, az \u00f6nmag\u00e1r\u00f3l alkotott k\u00e9p\u00e9t.<\/p>\n<p>Teszt\u00fcnk kiv\u00e1l\u00f3an alkalmas a kiv\u00e1laszt\u00e1si folyamatba illesztve megmutatni, hogy a jelentkez\u0151 milyen \u00e9rzelmekre rezon\u00e1l legink\u00e1bb &#8211; ebb\u0151l a jellemz\u0151 viselked\u00e9smint\u00e1k is kider\u00fclnek, vagyis az, amennyire illeszkedik a jel\u00f6lt szervezeti kult\u00far\u00e1nkba.<\/td>\n<td width=\"374\"><\/td>\n<td width=\"103\">\n<p align=\"center\"><b>Ingyenes<\/b><\/p>\n<\/td>\n<\/tr>\n<tr>\n<td width=\"167\"><\/td>\n<td width=\"321\"><\/td>\n<td width=\"374\"><\/td>\n<td width=\"103\"><\/td>\n<\/tr>\n<\/tbody>\n<\/table>\n<\/div>\n<p>&nbsp;<\/p>\n","protected":false},"excerpt":{"rendered":"<p>T\u00c1J\u00c9KOZTAT\u00d3 A FELN\u0150TTK\u00c9PZ\u00c9SI SZOLG\u00c1LTAT\u00c1SOKR\u00d3L &nbsp; Feln\u0151ttk\u00e9pz\u00e9si szolg\u00e1ltat\u00e1s megnevez\u00e9se A szolg\u00e1ltat\u00e1s c\u00e9lja D\u00edja El\u0151zetes tud\u00e1sszint felm\u00e9r\u00e9s A v\u00e1lasztott k\u00e9pz\u00e9sbe val\u00f3 bekapcsol\u00f3d\u00e1shoz a bemeneti kompetenci\u00e1k megl\u00e9t\u00e9nek vizsg\u00e1lata, vagy a k\u00e9pz\u00e9s bizonyos \u00f3r\u00e1inak, moduljainak l\u00e1togat\u00e1sa al\u00f3li felment\u00e9s, mivel a r\u00e9sztvev\u0151 m\u00e1r rendelkezik a k\u00e9pz\u00e9s sor\u00e1n elsaj\u00e1t\u00edtand\u00f3 ismeretek, kompetenci\u00e1k egy r\u00e9sz\u00e9vel. Ingyenes K\u00e9pz\u00e9si sz\u00fcks\u00e9gletek felm\u00e9r\u00e9se \u00e9s k\u00e9pz\u00e9si tan\u00e1csad\u00e1s Sz\u00f3beli [&#8230;]<\/p>\n","protected":false},"author":1,"featured_media":0,"parent":0,"menu_order":0,"comment_status":"closed","ping_status":"closed","template":"","meta":[],"_links":{"self":[{"href":"http:\/\/training-center.hu\/index.php?rest_route=\/wp\/v2\/pages\/105"}],"collection":[{"href":"http:\/\/training-center.hu\/index.php?rest_route=\/wp\/v2\/pages"}],"about":[{"href":"http:\/\/training-center.hu\/index.php?rest_route=\/wp\/v2\/types\/page"}],"author":[{"embeddable":true,"href":"http:\/\/training-center.hu\/index.php?rest_route=\/wp\/v2\/users\/1"}],"replies":[{"embeddable":true,"href":"http:\/\/training-center.hu\/index.php?rest_route=%2Fwp%2Fv2%2Fcomments&post=105"}],"version-history":[{"count":2,"href":"http:\/\/training-center.hu\/index.php?rest_route=\/wp\/v2\/pages\/105\/revisions"}],"predecessor-version":[{"id":156,"href":"http:\/\/training-center.hu\/index.php?rest_route=\/wp\/v2\/pages\/105\/revisions\/156"}],"wp:attachment":[{"href":"http:\/\/training-center.hu\/index.php?rest_route=%2Fwp%2Fv2%2Fmedia&parent=105"}],"curies":[{"name":"wp","href":"https:\/\/api.w.org\/{rel}","templated":true}]}}